{"id":3457,"date":"2024-05-26T11:29:43","date_gmt":"2024-05-26T09:29:43","guid":{"rendered":"https:\/\/derijdendekip.be\/product\/oeuf-grand-par-assiette\/"},"modified":"2024-05-26T11:29:43","modified_gmt":"2024-05-26T09:29:43","slug":"oeuf-grand-par-assiette","status":"publish","type":"product","link":"https:\/\/derijdendekip.be\/fr\/produit\/oeuf-grand-par-assiette\/","title":{"rendered":"\u0152uf grand par assiette"},"content":{"rendered":"<p>30 \u0153ufs frais de poules \u00e9lev\u00e9es en plein air &#8211; taille L<\/p>\n","protected":false},"excerpt":{"rendered":"<p>30 \u0152uf L<\/p>\n","protected":false},"featured_media":0,"template":"","meta":{"_acf_changed":false},"product_brand":[],"product_cat":[164],"product_tag":[],"class_list":{"0":"post-3457","1":"product","2":"type-product","3":"status-publish","5":"product_cat-oeufs","7":"first","8":"instock","9":"purchasable","10":"product-type-simple"},"acf":[],"yoast_head":"<!-- This site is optimized with the Yoast SEO Premium plugin v27.2 (Yoast SEO v27.4) - https:\/\/yoast.com\/product\/yoast-seo-premium-wordpress\/ -->\n<title>\u0152uf grand par assiette - DE RIJDENDE KIP<\/title>\n<meta name=\"description\" content=\"Ontdek de heerlijke \u0152uf grand par assiette van De Rijdende Kip. Vers bereid en met zorg geleverd, ideaal voor elke gelegenheid. Bestel vandaag nog en geniet van onze ambachtelijke kwaliteit.\" \/>\n<meta name=\"robots\" content=\"index, follow, max-snippet:-1, max-image-preview:large, max-video-preview:-1\" \/>\n<link rel=\"canonical\" href=\"https:\/\/derijdendekip.be\/fr\/produit\/oeuf-grand-par-assiette\/\" \/>\n<meta property=\"og:locale\" content=\"fr_FR\" \/>\n<meta property=\"og:type\" content=\"article\" \/>\n<meta property=\"og:title\" content=\"\u0152uf grand par assiette\" \/>\n<meta property=\"og:description\" content=\"Ontdek de heerlijke \u0152uf grand par assiette van De Rijdende Kip. Vers bereid en met zorg geleverd, ideaal voor elke gelegenheid. Bestel vandaag nog en geniet van onze ambachtelijke kwaliteit.\" \/>\n<meta property=\"og:url\" content=\"https:\/\/derijdendekip.be\/fr\/produit\/oeuf-grand-par-assiette\/\" \/>\n<meta property=\"og:site_name\" content=\"DE RIJDENDE KIP\" \/>\n<meta property=\"article:publisher\" content=\"https:\/\/www.facebook.com\/DeRijdendeKip\/?locale=nl_BE\" \/>\n<meta property=\"og:image\" content=\"https:\/\/derijdendekip.be\/wp-content\/uploads\/logo.png\" \/>\n\t<meta property=\"og:image:width\" content=\"394\" \/>\n\t<meta property=\"og:image:height\" content=\"352\" \/>\n\t<meta property=\"og:image:type\" content=\"image\/png\" \/>\n<meta name=\"twitter:card\" content=\"summary_large_image\" \/>\n<script type=\"application\/ld+json\" class=\"yoast-schema-graph\">{\"@context\":\"https:\\\/\\\/schema.org\",\"@graph\":[{\"@type\":\"WebPage\",\"@id\":\"https:\\\/\\\/derijdendekip.be\\\/fr\\\/produit\\\/oeuf-grand-par-assiette\\\/\",\"url\":\"https:\\\/\\\/derijdendekip.be\\\/fr\\\/produit\\\/oeuf-grand-par-assiette\\\/\",\"name\":\"\u0152uf grand par assiette - DE RIJDENDE KIP\",\"isPartOf\":{\"@id\":\"https:\\\/\\\/derijdendekip.be\\\/fr\\\/#website\"},\"datePublished\":\"2024-05-26T09:29:43+00:00\",\"description\":\"Ontdek de heerlijke \u0152uf grand par assiette van De Rijdende Kip. Vers bereid en met zorg geleverd, ideaal voor elke gelegenheid. Bestel vandaag nog en geniet van onze ambachtelijke kwaliteit.\",\"breadcrumb\":{\"@id\":\"https:\\\/\\\/derijdendekip.be\\\/fr\\\/produit\\\/oeuf-grand-par-assiette\\\/#breadcrumb\"},\"inLanguage\":\"fr-FR\",\"potentialAction\":[{\"@type\":\"ReadAction\",\"target\":[\"https:\\\/\\\/derijdendekip.be\\\/fr\\\/produit\\\/oeuf-grand-par-assiette\\\/\"]}]},{\"@type\":\"BreadcrumbList\",\"@id\":\"https:\\\/\\\/derijdendekip.be\\\/fr\\\/produit\\\/oeuf-grand-par-assiette\\\/#breadcrumb\",\"itemListElement\":[{\"@type\":\"ListItem\",\"position\":1,\"name\":\"Accueil\",\"item\":\"https:\\\/\\\/derijdendekip.be\\\/fr\\\/\"},{\"@type\":\"ListItem\",\"position\":2,\"name\":\"COMMANDER EN LIGNE\",\"item\":\"https:\\\/\\\/derijdendekip.be\\\/fr\\\/boutique\\\/\"},{\"@type\":\"ListItem\",\"position\":3,\"name\":\"\u0152uf grand par assiette\"}]},{\"@type\":\"WebSite\",\"@id\":\"https:\\\/\\\/derijdendekip.be\\\/fr\\\/#website\",\"url\":\"https:\\\/\\\/derijdendekip.be\\\/fr\\\/\",\"name\":\"DE RIJDENDE KIP\",\"description\":\"Kwaliteit, hygi\u00ebne en een glimlach is ons recept\",\"publisher\":{\"@id\":\"https:\\\/\\\/derijdendekip.be\\\/fr\\\/#organization\"},\"potentialAction\":[{\"@type\":\"SearchAction\",\"target\":{\"@type\":\"EntryPoint\",\"urlTemplate\":\"https:\\\/\\\/derijdendekip.be\\\/fr\\\/?s={search_term_string}\"},\"query-input\":{\"@type\":\"PropertyValueSpecification\",\"valueRequired\":true,\"valueName\":\"search_term_string\"}}],\"inLanguage\":\"fr-FR\"},{\"@type\":\"Organization\",\"@id\":\"https:\\\/\\\/derijdendekip.be\\\/fr\\\/#organization\",\"name\":\"DE RIJDENDE KIP\",\"url\":\"https:\\\/\\\/derijdendekip.be\\\/fr\\\/\",\"logo\":{\"@type\":\"ImageObject\",\"inLanguage\":\"fr-FR\",\"@id\":\"https:\\\/\\\/derijdendekip.be\\\/fr\\\/#\\\/schema\\\/logo\\\/image\\\/\",\"url\":\"https:\\\/\\\/derijdendekip.be\\\/wp-content\\\/uploads\\\/logo.png\",\"contentUrl\":\"https:\\\/\\\/derijdendekip.be\\\/wp-content\\\/uploads\\\/logo.png\",\"width\":394,\"height\":352,\"caption\":\"DE RIJDENDE KIP\"},\"image\":{\"@id\":\"https:\\\/\\\/derijdendekip.be\\\/fr\\\/#\\\/schema\\\/logo\\\/image\\\/\"},\"sameAs\":[\"https:\\\/\\\/www.facebook.com\\\/DeRijdendeKip\\\/?locale=nl_BE\",\"https:\\\/\\\/www.instagram.com\\\/derijdendekip\\\/\"],\"description\":\"Van de markt tot uw tafel, waar smaak en versheid centraal staan. Kwaliteit, hygi\u00ebne en een glimlach is ons recept. Ontdek onze heerlijke gebraden kip en andere specialiteiten die elke maaltijd bijzonder maken!\",\"email\":\"info@derijdendekip.be\",\"telephone\":\"015 23 49 08\",\"legalName\":\"De Rijdende Kip\",\"foundingDate\":\"1983-03-31\",\"vatID\":\"BE0424252363\",\"numberOfEmployees\":{\"@type\":\"QuantitativeValue\",\"minValue\":\"11\",\"maxValue\":\"50\"}}]}<\/script>\n<!-- \/ Yoast SEO Premium plugin. -->","yoast_head_json":{"title":"\u0152uf grand par assiette - DE RIJDENDE KIP","description":"Ontdek de heerlijke \u0152uf grand par assiette van De Rijdende Kip. Vers bereid en met zorg geleverd, ideaal voor elke gelegenheid. Bestel vandaag nog en geniet van onze ambachtelijke kwaliteit.","robots":{"index":"index","follow":"follow","max-snippet":"max-snippet:-1","max-image-preview":"max-image-preview:large","max-video-preview":"max-video-preview:-1"},"canonical":"https:\/\/derijdendekip.be\/fr\/produit\/oeuf-grand-par-assiette\/","og_locale":"fr_FR","og_type":"article","og_title":"\u0152uf grand par assiette","og_description":"Ontdek de heerlijke \u0152uf grand par assiette van De Rijdende Kip. Vers bereid en met zorg geleverd, ideaal voor elke gelegenheid. Bestel vandaag nog en geniet van onze ambachtelijke kwaliteit.","og_url":"https:\/\/derijdendekip.be\/fr\/produit\/oeuf-grand-par-assiette\/","og_site_name":"DE RIJDENDE KIP","article_publisher":"https:\/\/www.facebook.com\/DeRijdendeKip\/?locale=nl_BE","og_image":[{"width":394,"height":352,"url":"https:\/\/derijdendekip.be\/wp-content\/uploads\/logo.png","type":"image\/png"}],"twitter_card":"summary_large_image","schema":{"@context":"https:\/\/schema.org","@graph":[{"@type":"WebPage","@id":"https:\/\/derijdendekip.be\/fr\/produit\/oeuf-grand-par-assiette\/","url":"https:\/\/derijdendekip.be\/fr\/produit\/oeuf-grand-par-assiette\/","name":"\u0152uf grand par assiette - DE RIJDENDE KIP","isPartOf":{"@id":"https:\/\/derijdendekip.be\/fr\/#website"},"datePublished":"2024-05-26T09:29:43+00:00","description":"Ontdek de heerlijke \u0152uf grand par assiette van De Rijdende Kip. Vers bereid en met zorg geleverd, ideaal voor elke gelegenheid. Bestel vandaag nog en geniet van onze ambachtelijke kwaliteit.","breadcrumb":{"@id":"https:\/\/derijdendekip.be\/fr\/produit\/oeuf-grand-par-assiette\/#breadcrumb"},"inLanguage":"fr-FR","potentialAction":[{"@type":"ReadAction","target":["https:\/\/derijdendekip.be\/fr\/produit\/oeuf-grand-par-assiette\/"]}]},{"@type":"BreadcrumbList","@id":"https:\/\/derijdendekip.be\/fr\/produit\/oeuf-grand-par-assiette\/#breadcrumb","itemListElement":[{"@type":"ListItem","position":1,"name":"Accueil","item":"https:\/\/derijdendekip.be\/fr\/"},{"@type":"ListItem","position":2,"name":"COMMANDER EN LIGNE","item":"https:\/\/derijdendekip.be\/fr\/boutique\/"},{"@type":"ListItem","position":3,"name":"\u0152uf grand par assiette"}]},{"@type":"WebSite","@id":"https:\/\/derijdendekip.be\/fr\/#website","url":"https:\/\/derijdendekip.be\/fr\/","name":"DE RIJDENDE KIP","description":"Kwaliteit, hygi\u00ebne en een glimlach is ons recept","publisher":{"@id":"https:\/\/derijdendekip.be\/fr\/#organization"},"potentialAction":[{"@type":"SearchAction","target":{"@type":"EntryPoint","urlTemplate":"https:\/\/derijdendekip.be\/fr\/?s={search_term_string}"},"query-input":{"@type":"PropertyValueSpecification","valueRequired":true,"valueName":"search_term_string"}}],"inLanguage":"fr-FR"},{"@type":"Organization","@id":"https:\/\/derijdendekip.be\/fr\/#organization","name":"DE RIJDENDE KIP","url":"https:\/\/derijdendekip.be\/fr\/","logo":{"@type":"ImageObject","inLanguage":"fr-FR","@id":"https:\/\/derijdendekip.be\/fr\/#\/schema\/logo\/image\/","url":"https:\/\/derijdendekip.be\/wp-content\/uploads\/logo.png","contentUrl":"https:\/\/derijdendekip.be\/wp-content\/uploads\/logo.png","width":394,"height":352,"caption":"DE RIJDENDE KIP"},"image":{"@id":"https:\/\/derijdendekip.be\/fr\/#\/schema\/logo\/image\/"},"sameAs":["https:\/\/www.facebook.com\/DeRijdendeKip\/?locale=nl_BE","https:\/\/www.instagram.com\/derijdendekip\/"],"description":"Van de markt tot uw tafel, waar smaak en versheid centraal staan. Kwaliteit, hygi\u00ebne en een glimlach is ons recept. Ontdek onze heerlijke gebraden kip en andere specialiteiten die elke maaltijd bijzonder maken!","email":"info@derijdendekip.be","telephone":"015 23 49 08","legalName":"De Rijdende Kip","foundingDate":"1983-03-31","vatID":"BE0424252363","numberOfEmployees":{"@type":"QuantitativeValue","minValue":"11","maxValue":"50"}}]}},"_links":{"self":[{"href":"https:\/\/derijdendekip.be\/fr\/wp-json\/wp\/v2\/product\/3457","targetHints":{"allow":["GET"]}}],"collection":[{"href":"https:\/\/derijdendekip.be\/fr\/wp-json\/wp\/v2\/product"}],"about":[{"href":"https:\/\/derijdendekip.be\/fr\/wp-json\/wp\/v2\/types\/product"}],"wp:attachment":[{"href":"https:\/\/derijdendekip.be\/fr\/wp-json\/wp\/v2\/media?parent=3457"}],"wp:term":[{"taxonomy":"product_brand","embeddable":true,"href":"https:\/\/derijdendekip.be\/fr\/wp-json\/wp\/v2\/product_brand?post=3457"},{"taxonomy":"product_cat","embeddable":true,"href":"https:\/\/derijdendekip.be\/fr\/wp-json\/wp\/v2\/product_cat?post=3457"},{"taxonomy":"product_tag","embeddable":true,"href":"https:\/\/derijdendekip.be\/fr\/wp-json\/wp\/v2\/product_tag?post=3457"}],"curies":[{"name":"wp","href":"https:\/\/api.w.org\/{rel}","templated":true}]}}